{"id":1808,"date":"2024-01-15T15:39:07","date_gmt":"2024-01-15T15:39:07","guid":{"rendered":"https:\/\/formacionelearning.es\/courses\/"},"modified":"2024-01-17T09:01:56","modified_gmt":"2024-01-17T09:01:56","slug":"courses","status":"publish","type":"page","link":"https:\/\/formacionelearning.es\/en\/courses\/","title":{"rendered":"Courses"},"content":{"rendered":"\t\t<div data-elementor-type=\"wp-page\" data-elementor-id=\"1808\" class=\"elementor elementor-1808\" data-elementor-post-type=\"page\">\n\t\t\t\t<div class=\"elementor-element elementor-element-376ef61 e-flex e-con-boxed e-con e-parent\" data-id=\"376ef61\" data-element_type=\"container\" data-e-type=\"container\">\n\t\t\t\t\t<div class=\"e-con-inner\">\n\t\t\t\t<div class=\"elementor-element elementor-element-0444631 elementor-widget elementor-widget-heading\" data-id=\"0444631\" data-element_type=\"widget\" data-e-type=\"widget\" data-widget_type=\"heading.default\">\n\t\t\t\t<div class=\"elementor-widget-container\">\n\t\t\t\t\t<h2 class=\"elementor-heading-title elementor-size-default\">Courses<\/h2>\t\t\t\t<\/div>\n\t\t\t\t<\/div>\n\t\t\t\t\t<\/div>\n\t\t\t\t<\/div>\n\t\t<div class=\"elementor-element elementor-element-255f612 e-flex e-con-boxed e-con e-parent\" data-id=\"255f612\" data-element_type=\"container\" data-e-type=\"container\">\n\t\t\t\t\t<div class=\"e-con-inner\">\n\t\t<div class=\"elementor-element elementor-element-8632a49 e-flex e-con-boxed e-con e-parent\" data-id=\"8632a49\" data-element_type=\"container\" data-e-type=\"container\">\n\t\t\t\t\t<div class=\"e-con-inner\">\n\t\t\t\t<div class=\"elementor-element elementor-element-9ee944c elementor-widget elementor-widget-heading\" data-id=\"9ee944c\" data-element_type=\"widget\" data-e-type=\"widget\" data-widget_type=\"heading.default\">\n\t\t\t\t<div class=\"elementor-widget-container\">\n\t\t\t\t\t<h2 class=\"elementor-heading-title elementor-size-default\">Select your preferred area:<\/h2>\t\t\t\t<\/div>\n\t\t\t\t<\/div>\n\t\t\t\t<div class=\"elementor-element elementor-element-61ace5b filter elementor-widget elementor-widget-html\" data-id=\"61ace5b\" data-element_type=\"widget\" data-e-type=\"widget\" data-widget_type=\"html.default\">\n\t\t\t\t<div class=\"elementor-widget-container\">\n\t\t\t\t\t<script src=\"https:\/\/code.jquery.com\/jquery-3.6.4.min.js\"><\/script><select><option selected data-filter=\"__all\">All<\/option><option data-filter=\"administracion-publica\">Administraci\u00f3n P\u00fablica<\/option><option data-filter=\"alimentacion\">Alimentacion<\/option><option data-filter=\"atencion-al-cliente\">Atenci\u00f3n al Cliente<\/option><option data-filter=\"banca\" aria-pressed=\"true\">Banca<\/option><option data-filter=\"comercial-y-ventas\">Comercial y Ventas<\/option><option data-filter=\"competencia-digital\">Competencia Digital<\/option><option data-filter=\"contabilidad-y-finanzas\">Contabilidad y Finanzas<\/option><option data-filter=\"diseno\">Dise\u00f1o<\/option><option data-filter=\"educacion\">Educaci\u00f3n<\/option><option data-filter=\"especialidades-formativas\">Especialidades Formativas<\/option><option data-filter=\"estrategia-empresarial-y-management\">Estrategia Empresarial y Management<\/option><option data-filter=\"fiscalidad\">Fiscalidad<\/option><option data-filter=\"g-suite\">G Suite<\/option><option data-filter=\"habilidades-directivas\">Habilidades Directivas<\/option><option data-filter=\"hosteleria-y-restauracion\">Hosteleria y Restauraci\u00f3n<\/option><option data-filter=\"marketing-e-internet\">Marketing e Internet<\/option><option data-filter=\"microsoft-365\">Microsoft 365<\/option><option data-filter=\"normativa\">Normativa<\/option><option data-filter=\"ofimatica\">Ofim\u00e1tica<\/option><option data-filter=\"prevencion-de-riesgos-laborales\">Prevencion de Riesgos Laborales<\/option><option data-filter=\"productos-financieros-y-gestion-de-carteras\">Productos Financieros y Gesti\u00f3n de Carteras<\/option><option data-filter=\"programacion-y-bases-de-datos\">Programacion y Bases de Datos<\/option><option data-filter=\"recursos-humanos\">Recursos Humanos<\/option><option data-filter=\"responsabilidad-social-corporativa\">Responsabilidad Social Corporativa<\/option><option data-filter=\"sistemas-operativos\">Sistemas Operativos<\/option><\/select><script>$(document).ready(function() {\n    $('select').change(function() {\n      var selectedFilter = $(this).find(':selected').data('filter');\n      console.log(selectedFilter);\n      $('.e-filter-item[data-filter=\"' + selectedFilter + '\"]').click();\n      var selector = '.e-filter-item[data-filter=\"' + selectedFilter + '\"]';\n \n              console.log('.e-filter-item[data-filter=\"' + selectedFilter + '\"]');\n    });\n  });\n<\/script>\t\t\t\t<\/div>\n\t\t\t\t<\/div>\n\t\t\t\t\t<\/div>\n\t\t\t\t<\/div>\n\t\t\t\t<div class=\"elementor-element elementor-element-cb6f809 elementor-hidden-desktop elementor-hidden-tablet elementor-hidden-mobile elementor-widget elementor-widget-taxonomy-filter\" data-id=\"cb6f809\" data-element_type=\"widget\" data-e-type=\"widget\" data-settings=\"{&quot;selected_element&quot;:&quot;f919a33&quot;,&quot;taxonomy&quot;:&quot;category&quot;,&quot;horizontal_scroll&quot;:&quot;enable&quot;,&quot;item_alignment_horizontal&quot;:&quot;start&quot;,&quot;multiple_selection&quot;:&quot;no&quot;}\" data-widget_type=\"taxonomy-filter.default\">\n\t\t\t\t<div class=\"elementor-widget-container\">\n\t\t\t\t\t\t\t<search class=\"e-filter\" role=\"search\" data-base-url=\"https:\/\/formacionelearning.es\/en\/\" data-page-num=\"1\">\n\t\t\t\n\t\t\t\t\t\t\t\t\t<button class=\"e-filter-item\" data-filter=\"__all\" aria-pressed=\"true\">\n\t\t\t\tAll\t\t\t<\/button>\n\t\t\t\t\t<\/search>\n\t\t\t\t\t\t<\/div>\n\t\t\t\t<\/div>\n\t\t\t\t<div class=\"elementor-element elementor-element-f919a33 elementor-grid-3 elementor-grid-tablet-2 elementor-grid-mobile-1 elementor-widget elementor-widget-loop-grid\" data-id=\"f919a33\" data-element_type=\"widget\" data-e-type=\"widget\" data-settings=\"{&quot;template_id&quot;:&quot;1163&quot;,&quot;row_gap&quot;:{&quot;unit&quot;:&quot;px&quot;,&quot;size&quot;:40,&quot;sizes&quot;:[]},&quot;pagination_type&quot;:&quot;prev_next&quot;,&quot;_skin&quot;:&quot;post&quot;,&quot;columns&quot;:&quot;3&quot;,&quot;columns_tablet&quot;:&quot;2&quot;,&quot;columns_mobile&quot;:&quot;1&quot;,&quot;edit_handle_selector&quot;:&quot;[data-elementor-type=\\&quot;loop-item\\&quot;]&quot;,&quot;pagination_load_type&quot;:&quot;page_reload&quot;,&quot;row_gap_tablet&quot;:{&quot;unit&quot;:&quot;px&quot;,&quot;size&quot;:&quot;&quot;,&quot;sizes&quot;:[]},&quot;row_gap_mobile&quot;:{&quot;unit&quot;:&quot;px&quot;,&quot;size&quot;:&quot;&quot;,&quot;sizes&quot;:[]}}\" data-widget_type=\"loop-grid.post\">\n\t\t\t\t<div class=\"elementor-widget-container\">\n\t\t\t\t\t\t\t<div class=\"e-loop-nothing-found-message\">\n\t\t<\/div>\n\t\t\t\t\t\t<\/div>\n\t\t\t\t<\/div>\n\t\t\t\t\t<\/div>\n\t\t\t\t<\/div>\n\t\t\t\t<\/div>\n\t\t","protected":false},"excerpt":{"rendered":"<p>Courses Select your preferred area: AllAdministraci\u00f3n P\u00fablicaAlimentacionAtenci\u00f3n al ClienteBancaComercial y VentasCompetencia DigitalContabilidad y FinanzasDise\u00f1oEducaci\u00f3nEspecialidades FormativasEstrategia Empresarial y ManagementFiscalidadG SuiteHabilidades DirectivasHosteleria y Restauraci\u00f3nMarketing e InternetMicrosoft 365NormativaOfim\u00e1ticaPrevencion de Riesgos LaboralesProductos Financieros y Gesti\u00f3n de CarterasProgramacion y Bases de DatosRecursos HumanosResponsabilidad Social CorporativaSistemas Operativos Blog Cursos Administraci\u00f3n P\u00fablica Alimentacion Atenci\u00f3n al Cliente Banca Comercial y Ventas Competencia Digital [&hellip;]<\/p>\n","protected":false},"author":1,"featured_media":0,"parent":0,"menu_order":0,"comment_status":"closed","ping_status":"closed","template":"elementor_header_footer","meta":{"_acf_changed":false,"site-sidebar-layout":"no-sidebar","site-content-layout":"page-builder","ast-site-content-layout":"default","site-content-style":"default","site-sidebar-style":"default","ast-global-header-display":"","ast-banner-title-visibility":"","ast-main-header-display":"","ast-hfb-above-header-display":"","ast-hfb-below-header-display":"","ast-hfb-mobile-header-display":"","site-post-title":"disabled","ast-breadcrumbs-content":"","ast-featured-img":"disabled","footer-sml-layout":"","ast-disable-related-posts":"","theme-transparent-header-meta":"enabled","adv-header-id-meta":"","stick-header-meta":"","header-above-stick-meta":"","header-main-stick-meta":"","header-below-stick-meta":"","astra-migrate-meta-layouts":"default","ast-page-background-enabled":"default","ast-page-background-meta":{"desktop":{"background-color":"var(--ast-global-color-4)","background-image":"","background-repeat":"repeat","background-position":"center center","background-size":"auto","background-attachment":"scroll","background-type":"","background-media":"","overlay-type":"","overlay-color":"","overlay-opacity":"","overlay-gradient":""},"tablet":{"background-color":"","background-image":"","background-repeat":"repeat","background-position":"center center","background-size":"auto","background-attachment":"scroll","background-type":"","background-media":"","overlay-type":"","overlay-color":"","overlay-opacity":"","overlay-gradient":""},"mobile":{"background-color":"","background-image":"","background-repeat":"repeat","background-position":"center center","background-size":"auto","background-attachment":"scroll","background-type":"","background-media":"","overlay-type":"","overlay-color":"","overlay-opacity":"","overlay-gradient":""}},"ast-content-background-meta":{"desktop":{"background-color":"var(--ast-global-color-5)","background-image":"","background-repeat":"repeat","background-position":"center center","background-size":"auto","background-attachment":"scroll","background-type":"","background-media":"","overlay-type":"","overlay-color":"","overlay-opacity":"","overlay-gradient":""},"tablet":{"background-color":"var(--ast-global-color-5)","background-image":"","background-repeat":"repeat","background-position":"center center","background-size":"auto","background-attachment":"scroll","background-type":"","background-media":"","overlay-type":"","overlay-color":"","overlay-opacity":"","overlay-gradient":""},"mobile":{"background-color":"var(--ast-global-color-5)","background-image":"","background-repeat":"repeat","background-position":"center center","background-size":"auto","background-attachment":"scroll","background-type":"","background-media":"","overlay-type":"","overlay-color":"","overlay-opacity":"","overlay-gradient":""}},"footnotes":""},"class_list":["post-1808","page","type-page","status-publish","hentry"],"acf":[],"yoast_head":"<!-- This site is optimized with the Yoast SEO plugin v23.5 - https:\/\/yoast.com\/wordpress\/plugins\/seo\/ -->\n<title>Courses - Formaci\u00f3n E-Learning<\/title>\n<meta name=\"robots\" content=\"index, follow, max-snippet:-1, max-image-preview:large, max-video-preview:-1\" \/>\n<link rel=\"canonical\" href=\"https:\/\/formacionelearning.es\/en\/courses\/\" \/>\n<meta property=\"og:locale\" content=\"en_US\" \/>\n<meta property=\"og:type\" content=\"article\" \/>\n<meta property=\"og:title\" content=\"Courses - Formaci\u00f3n E-Learning\" \/>\n<meta property=\"og:description\" content=\"Courses Select your preferred area: AllAdministraci\u00f3n P\u00fablicaAlimentacionAtenci\u00f3n al ClienteBancaComercial y VentasCompetencia DigitalContabilidad y FinanzasDise\u00f1oEducaci\u00f3nEspecialidades FormativasEstrategia Empresarial y ManagementFiscalidadG SuiteHabilidades DirectivasHosteleria y Restauraci\u00f3nMarketing e InternetMicrosoft 365NormativaOfim\u00e1ticaPrevencion de Riesgos LaboralesProductos Financieros y Gesti\u00f3n de CarterasProgramacion y Bases de DatosRecursos HumanosResponsabilidad Social CorporativaSistemas Operativos Blog Cursos Administraci\u00f3n P\u00fablica Alimentacion Atenci\u00f3n al Cliente Banca Comercial y Ventas Competencia Digital [&hellip;]\" \/>\n<meta property=\"og:url\" content=\"https:\/\/formacionelearning.es\/en\/courses\/\" \/>\n<meta property=\"og:site_name\" content=\"Formaci\u00f3n E-Learning\" \/>\n<meta property=\"article:modified_time\" content=\"2024-01-17T09:01:56+00:00\" \/>\n<meta name=\"twitter:card\" content=\"summary_large_image\" \/>\n<meta name=\"twitter:label1\" content=\"Est. reading time\" \/>\n\t<meta name=\"twitter:data1\" content=\"1 minute\" \/>\n<script type=\"application\/ld+json\" class=\"yoast-schema-graph\">{\"@context\":\"https:\/\/schema.org\",\"@graph\":[{\"@type\":\"WebPage\",\"@id\":\"https:\/\/formacionelearning.es\/en\/courses\/\",\"url\":\"https:\/\/formacionelearning.es\/en\/courses\/\",\"name\":\"Courses - Formaci\u00f3n E-Learning\",\"isPartOf\":{\"@id\":\"https:\/\/formacionelearning.es\/#website\"},\"datePublished\":\"2024-01-15T15:39:07+00:00\",\"dateModified\":\"2024-01-17T09:01:56+00:00\",\"breadcrumb\":{\"@id\":\"https:\/\/formacionelearning.es\/en\/courses\/#breadcrumb\"},\"inLanguage\":\"en-US\",\"potentialAction\":[{\"@type\":\"ReadAction\",\"target\":[\"https:\/\/formacionelearning.es\/en\/courses\/\"]}]},{\"@type\":\"BreadcrumbList\",\"@id\":\"https:\/\/formacionelearning.es\/en\/courses\/#breadcrumb\",\"itemListElement\":[{\"@type\":\"ListItem\",\"position\":1,\"name\":\"Portada\",\"item\":\"https:\/\/formacionelearning.es\/en\/\"},{\"@type\":\"ListItem\",\"position\":2,\"name\":\"Courses\"}]},{\"@type\":\"WebSite\",\"@id\":\"https:\/\/formacionelearning.es\/#website\",\"url\":\"https:\/\/formacionelearning.es\/\",\"name\":\"Formaci\u00f3n E-Learning\",\"description\":\"\",\"publisher\":{\"@id\":\"https:\/\/formacionelearning.es\/#\/schema\/person\/777dec465fa846a0a3ea86b18600090f\"},\"potentialAction\":[{\"@type\":\"SearchAction\",\"target\":{\"@type\":\"EntryPoint\",\"urlTemplate\":\"https:\/\/formacionelearning.es\/?s={search_term_string}\"},\"query-input\":{\"@type\":\"PropertyValueSpecification\",\"valueRequired\":true,\"valueName\":\"search_term_string\"}}],\"inLanguage\":\"en-US\"},{\"@type\":[\"Person\",\"Organization\"],\"@id\":\"https:\/\/formacionelearning.es\/#\/schema\/person\/777dec465fa846a0a3ea86b18600090f\",\"name\":\"Xavier Navarro\",\"image\":{\"@type\":\"ImageObject\",\"inLanguage\":\"en-US\",\"@id\":\"https:\/\/formacionelearning.es\/#\/schema\/person\/image\/\",\"url\":\"https:\/\/formacionelearning.es\/wp-content\/uploads\/2024\/01\/LogoFEL2.png\",\"contentUrl\":\"https:\/\/formacionelearning.es\/wp-content\/uploads\/2024\/01\/LogoFEL2.png\",\"width\":817,\"height\":817,\"caption\":\"Xavier Navarro\"},\"logo\":{\"@id\":\"https:\/\/formacionelearning.es\/#\/schema\/person\/image\/\"}}]}<\/script>\n<!-- \/ Yoast SEO plugin. -->","yoast_head_json":{"title":"Courses - Formaci\u00f3n E-Learning","robots":{"index":"index","follow":"follow","max-snippet":"max-snippet:-1","max-image-preview":"max-image-preview:large","max-video-preview":"max-video-preview:-1"},"canonical":"https:\/\/formacionelearning.es\/en\/courses\/","og_locale":"en_US","og_type":"article","og_title":"Courses - Formaci\u00f3n E-Learning","og_description":"Courses Select your preferred area: AllAdministraci\u00f3n P\u00fablicaAlimentacionAtenci\u00f3n al ClienteBancaComercial y VentasCompetencia DigitalContabilidad y FinanzasDise\u00f1oEducaci\u00f3nEspecialidades FormativasEstrategia Empresarial y ManagementFiscalidadG SuiteHabilidades DirectivasHosteleria y Restauraci\u00f3nMarketing e InternetMicrosoft 365NormativaOfim\u00e1ticaPrevencion de Riesgos LaboralesProductos Financieros y Gesti\u00f3n de CarterasProgramacion y Bases de DatosRecursos HumanosResponsabilidad Social CorporativaSistemas Operativos Blog Cursos Administraci\u00f3n P\u00fablica Alimentacion Atenci\u00f3n al Cliente Banca Comercial y Ventas Competencia Digital [&hellip;]","og_url":"https:\/\/formacionelearning.es\/en\/courses\/","og_site_name":"Formaci\u00f3n E-Learning","article_modified_time":"2024-01-17T09:01:56+00:00","twitter_card":"summary_large_image","twitter_misc":{"Est. reading time":"1 minute"},"schema":{"@context":"https:\/\/schema.org","@graph":[{"@type":"WebPage","@id":"https:\/\/formacionelearning.es\/en\/courses\/","url":"https:\/\/formacionelearning.es\/en\/courses\/","name":"Courses - Formaci\u00f3n E-Learning","isPartOf":{"@id":"https:\/\/formacionelearning.es\/#website"},"datePublished":"2024-01-15T15:39:07+00:00","dateModified":"2024-01-17T09:01:56+00:00","breadcrumb":{"@id":"https:\/\/formacionelearning.es\/en\/courses\/#breadcrumb"},"inLanguage":"en-US","potentialAction":[{"@type":"ReadAction","target":["https:\/\/formacionelearning.es\/en\/courses\/"]}]},{"@type":"BreadcrumbList","@id":"https:\/\/formacionelearning.es\/en\/courses\/#breadcrumb","itemListElement":[{"@type":"ListItem","position":1,"name":"Portada","item":"https:\/\/formacionelearning.es\/en\/"},{"@type":"ListItem","position":2,"name":"Courses"}]},{"@type":"WebSite","@id":"https:\/\/formacionelearning.es\/#website","url":"https:\/\/formacionelearning.es\/","name":"Formaci\u00f3n E-Learning","description":"","publisher":{"@id":"https:\/\/formacionelearning.es\/#\/schema\/person\/777dec465fa846a0a3ea86b18600090f"},"potentialAction":[{"@type":"SearchAction","target":{"@type":"EntryPoint","urlTemplate":"https:\/\/formacionelearning.es\/?s={search_term_string}"},"query-input":{"@type":"PropertyValueSpecification","valueRequired":true,"valueName":"search_term_string"}}],"inLanguage":"en-US"},{"@type":["Person","Organization"],"@id":"https:\/\/formacionelearning.es\/#\/schema\/person\/777dec465fa846a0a3ea86b18600090f","name":"Xavier Navarro","image":{"@type":"ImageObject","inLanguage":"en-US","@id":"https:\/\/formacionelearning.es\/#\/schema\/person\/image\/","url":"https:\/\/formacionelearning.es\/wp-content\/uploads\/2024\/01\/LogoFEL2.png","contentUrl":"https:\/\/formacionelearning.es\/wp-content\/uploads\/2024\/01\/LogoFEL2.png","width":817,"height":817,"caption":"Xavier Navarro"},"logo":{"@id":"https:\/\/formacionelearning.es\/#\/schema\/person\/image\/"}}]}},"_links":{"self":[{"href":"https:\/\/formacionelearning.es\/en\/wp-json\/wp\/v2\/pages\/1808","targetHints":{"allow":["GET"]}}],"collection":[{"href":"https:\/\/formacionelearning.es\/en\/wp-json\/wp\/v2\/pages"}],"about":[{"href":"https:\/\/formacionelearning.es\/en\/wp-json\/wp\/v2\/types\/page"}],"author":[{"embeddable":true,"href":"https:\/\/formacionelearning.es\/en\/wp-json\/wp\/v2\/users\/1"}],"replies":[{"embeddable":true,"href":"https:\/\/formacionelearning.es\/en\/wp-json\/wp\/v2\/comments?post=1808"}],"version-history":[{"count":1,"href":"https:\/\/formacionelearning.es\/en\/wp-json\/wp\/v2\/pages\/1808\/revisions"}],"predecessor-version":[{"id":1810,"href":"https:\/\/formacionelearning.es\/en\/wp-json\/wp\/v2\/pages\/1808\/revisions\/1810"}],"wp:attachment":[{"href":"https:\/\/formacionelearning.es\/en\/wp-json\/wp\/v2\/media?parent=1808"}],"curies":[{"name":"wp","href":"https:\/\/api.w.org\/{rel}","templated":true}]}}